{"id":4049,"date":"2022-06-22T15:19:58","date_gmt":"2022-06-22T08:19:58","guid":{"rendered":"https:\/\/trungnamsmc.com.vn\/thiet_bi\/cau-truc-banh-lop-220-tan\/"},"modified":"2023-09-08T11:59:18","modified_gmt":"2023-09-08T04:59:18","slug":"220-dun-lv-dai-diao","status":"publish","type":"product","link":"https:\/\/vnsmc.com.vn\/zh-hans\/thiet_bi\/220-dun-lv-dai-diao\/","title":{"rendered":"220\u5428\u6c7d\u8f66\u540a"},"content":{"rendered":"<h3 class=\"title-black fs-18 fw-600 mb-16\">M\u00f4 t\u1ea3 s\u1ea3n ph\u1ea9m<\/h3>\n<p>C\u1ea7n tr\u1ee5c \u0111\u01b0\u1ee3c thi\u1ebft k\u1ebf v\u1edbi s\u1ee9c n\u00e2ng l\u1edbn h\u01a1n \u0111\u1ec3 ho\u1ea1t \u0111\u1ed9ng t\u1ea1i c\u00e1c m\u1ecf d\u1ea7u kh\u00ed, h\u00f3a ch\u1ea5t, c\u1ea7u v\u00e0 n\u0103ng l\u01b0\u1ee3ng gi\u00f3.<\/p>\n<p>C\u00e1c c\u1ea5u h\u00ecnh jib c\u00f3 th\u1ec3 thay \u0111\u1ed5i v\u00e0 t\u1ed5 h\u1ee3p \u0111\u1ed1i tr\u1ecdng. Ch\u00fang t\u00f4i lu\u00f4n cung c\u1ea5p gi\u1ea3i ph\u00e1p kinh t\u1ebf nh\u1ea5t cho c\u00e1c d\u1ef1 \u00e1n n\u00e2ng h\u1ea1 kh\u00e1c nhau.<\/p>\n<div style=\"text-align:right\" class=\"yasr-auto-insert-visitor\"><\/div>","protected":false},"excerpt":{"rendered":"<p>M\u00f4 t\u1ea3 s\u1ea3n ph\u1ea9m C\u1ea7n tr\u1ee5c \u0111\u01b0\u1ee3c thi\u1ebft k\u1ebf v\u1edbi s\u1ee9c n\u00e2ng l\u1edbn  [&hellip;]<\/p>\n","protected":false},"featured_media":4050,"comment_status":"open","ping_status":"closed","template":"","meta":{"yasr_overall_rating":0,"yasr_post_is_review":"","yasr_auto_insert_disabled":"","yasr_review_type":""},"product_cat":[32,554],"product_tag":[37,38,598,599],"class_list":["post-4049","product","type-product","status-publish","has-post-thumbnail","hentry","product_cat-cau-truc-banh-lop","product_cat-cau-truc-banh-lop-zh-hans","product_tag-cau-banh-lop-220t","product_tag-banh-lop-220t","product_tag-cau-banh-lop-220t-zh-hans","product_tag-banh-lop-220t-zh-hans"],"yoast_head":"<!-- This site is optimized with the Yoast SEO Premium plugin v19.2.1 (Yoast SEO v19.6.1) - https:\/\/yoast.com\/wordpress\/plugins\/seo\/ -->\n<title>220\u5428\u6c7d\u8f66\u540a - SMC Services and Engineering<\/title>\n<meta name=\"robots\" content=\"index, follow, max-snippet:-1, max-image-preview:large, max-video-preview:-1\" \/>\n<link rel=\"canonical\" href=\"https:\/\/vnsmc.com.vn\/zh-hans\/thiet_bi\/220-dun-lv-dai-diao\/\" \/>\n<meta property=\"og:locale\" content=\"zh_CN\" \/>\n<meta property=\"og:type\" content=\"article\" \/>\n<meta property=\"og:title\" content=\"220\u5428\u6c7d\u8f66\u540a\" \/>\n<meta property=\"og:description\" content=\"M\u00f4 t\u1ea3 s\u1ea3n ph\u1ea9m C\u1ea7n tr\u1ee5c \u0111\u01b0\u1ee3c thi\u1ebft k\u1ebf v\u1edbi s\u1ee9c n\u00e2ng l\u1edbn [&hellip;]\" \/>\n<meta property=\"og:url\" content=\"https:\/\/vnsmc.com.vn\/zh-hans\/thiet_bi\/220-dun-lv-dai-diao\/\" \/>\n<meta property=\"og:site_name\" content=\"SMC Services and Engineering\" \/>\n<meta property=\"article:publisher\" content=\"https:\/\/www.facebook.com\/smc.services.and.engineering\/\" \/>\n<meta property=\"article:modified_time\" content=\"2023-09-08T04:59:18+00:00\" \/>\n<meta property=\"og:image\" content=\"https:\/\/vnsmc.com.vn\/wp-content\/uploads\/2022\/03\/CAU-220.jpg\" \/>\n\t<meta property=\"og:image:width\" content=\"563\" \/>\n\t<meta property=\"og:image:height\" content=\"563\" \/>\n\t<meta property=\"og:image:type\" content=\"image\/jpeg\" \/>\n<meta name=\"twitter:card\" content=\"summary_large_image\" \/>\n<script type=\"application\/ld+json\" class=\"yoast-schema-graph\">{\"@context\":\"https:\/\/schema.org\",\"@graph\":[{\"@type\":\"WebPage\",\"@id\":\"https:\/\/vnsmc.com.vn\/zh-hans\/thiet_bi\/220-dun-lv-dai-diao\/\",\"url\":\"https:\/\/vnsmc.com.vn\/zh-hans\/thiet_bi\/220-dun-lv-dai-diao\/\",\"name\":\"220\u5428\u6c7d\u8f66\u540a - SMC Services and Engineering\",\"isPartOf\":{\"@id\":\"https:\/\/vnsmc.com.vn\/#website\"},\"datePublished\":\"2022-06-22T08:19:58+00:00\",\"dateModified\":\"2023-09-08T04:59:18+00:00\",\"breadcrumb\":{\"@id\":\"https:\/\/vnsmc.com.vn\/zh-hans\/thiet_bi\/220-dun-lv-dai-diao\/#breadcrumb\"},\"inLanguage\":\"zh-Hans\",\"potentialAction\":[{\"@type\":\"ReadAction\",\"target\":[\"https:\/\/vnsmc.com.vn\/zh-hans\/thiet_bi\/220-dun-lv-dai-diao\/\"]}]},{\"@type\":\"BreadcrumbList\",\"@id\":\"https:\/\/vnsmc.com.vn\/zh-hans\/thiet_bi\/220-dun-lv-dai-diao\/#breadcrumb\",\"itemListElement\":[{\"@type\":\"ListItem\",\"position\":1,\"name\":\"\u4e3b\u9875\",\"item\":\"https:\/\/vnsmc.com.vn\/zh-hans\/\"},{\"@type\":\"ListItem\",\"position\":2,\"name\":\"\u673a\u68b0\u8bbe\u5907\",\"item\":\"https:\/\/vnsmc.com.vn\/zh-hans\/ji-xie-she-bei\/\"},{\"@type\":\"ListItem\",\"position\":3,\"name\":\"220\u5428\u6c7d\u8f66\u540a\"}]},{\"@type\":\"WebSite\",\"@id\":\"https:\/\/vnsmc.com.vn\/#website\",\"url\":\"https:\/\/vnsmc.com.vn\/\",\"name\":\"SMC Services and Engineering\",\"description\":\"\",\"publisher\":{\"@id\":\"https:\/\/vnsmc.com.vn\/#organization\"},\"potentialAction\":[{\"@type\":\"SearchAction\",\"target\":{\"@type\":\"EntryPoint\",\"urlTemplate\":\"https:\/\/vnsmc.com.vn\/?s={search_term_string}\"},\"query-input\":\"required name=search_term_string\"}],\"inLanguage\":\"zh-Hans\"},{\"@type\":\"Organization\",\"@id\":\"https:\/\/vnsmc.com.vn\/#organization\",\"name\":\"SMC Services and Engineering\",\"url\":\"https:\/\/vnsmc.com.vn\/\",\"sameAs\":[\"https:\/\/www.linkedin.com\/company\/96115735\",\"https:\/\/www.facebook.com\/smc.services.and.engineering\/\"],\"logo\":{\"@type\":\"ImageObject\",\"inLanguage\":\"zh-Hans\",\"@id\":\"https:\/\/vnsmc.com.vn\/#\/schema\/logo\/image\/\",\"url\":\"https:\/\/vnsmc.com.vn\/wp-content\/uploads\/2024\/11\/cropped-LOGO-SMC-nho-02.png\",\"contentUrl\":\"https:\/\/vnsmc.com.vn\/wp-content\/uploads\/2024\/11\/cropped-LOGO-SMC-nho-02.png\",\"width\":3468,\"height\":1390,\"caption\":\"SMC Services and Engineering\"},\"image\":{\"@id\":\"https:\/\/vnsmc.com.vn\/#\/schema\/logo\/image\/\"}}]}<\/script>\n<!-- \/ Yoast SEO Premium plugin. -->","yoast_head_json":{"title":"220\u5428\u6c7d\u8f66\u540a - SMC Services and Engineering","robots":{"index":"index","follow":"follow","max-snippet":"max-snippet:-1","max-image-preview":"max-image-preview:large","max-video-preview":"max-video-preview:-1"},"canonical":"https:\/\/vnsmc.com.vn\/zh-hans\/thiet_bi\/220-dun-lv-dai-diao\/","og_locale":"zh_CN","og_type":"article","og_title":"220\u5428\u6c7d\u8f66\u540a","og_description":"M\u00f4 t\u1ea3 s\u1ea3n ph\u1ea9m C\u1ea7n tr\u1ee5c \u0111\u01b0\u1ee3c thi\u1ebft k\u1ebf v\u1edbi s\u1ee9c n\u00e2ng l\u1edbn [&hellip;]","og_url":"https:\/\/vnsmc.com.vn\/zh-hans\/thiet_bi\/220-dun-lv-dai-diao\/","og_site_name":"SMC Services and Engineering","article_publisher":"https:\/\/www.facebook.com\/smc.services.and.engineering\/","article_modified_time":"2023-09-08T04:59:18+00:00","og_image":[{"width":563,"height":563,"url":"https:\/\/vnsmc.com.vn\/wp-content\/uploads\/2022\/03\/CAU-220.jpg","type":"image\/jpeg"}],"twitter_card":"summary_large_image","schema":{"@context":"https:\/\/schema.org","@graph":[{"@type":"WebPage","@id":"https:\/\/vnsmc.com.vn\/zh-hans\/thiet_bi\/220-dun-lv-dai-diao\/","url":"https:\/\/vnsmc.com.vn\/zh-hans\/thiet_bi\/220-dun-lv-dai-diao\/","name":"220\u5428\u6c7d\u8f66\u540a - SMC Services and Engineering","isPartOf":{"@id":"https:\/\/vnsmc.com.vn\/#website"},"datePublished":"2022-06-22T08:19:58+00:00","dateModified":"2023-09-08T04:59:18+00:00","breadcrumb":{"@id":"https:\/\/vnsmc.com.vn\/zh-hans\/thiet_bi\/220-dun-lv-dai-diao\/#breadcrumb"},"inLanguage":"zh-Hans","potentialAction":[{"@type":"ReadAction","target":["https:\/\/vnsmc.com.vn\/zh-hans\/thiet_bi\/220-dun-lv-dai-diao\/"]}]},{"@type":"BreadcrumbList","@id":"https:\/\/vnsmc.com.vn\/zh-hans\/thiet_bi\/220-dun-lv-dai-diao\/#breadcrumb","itemListElement":[{"@type":"ListItem","position":1,"name":"\u4e3b\u9875","item":"https:\/\/vnsmc.com.vn\/zh-hans\/"},{"@type":"ListItem","position":2,"name":"\u673a\u68b0\u8bbe\u5907","item":"https:\/\/vnsmc.com.vn\/zh-hans\/ji-xie-she-bei\/"},{"@type":"ListItem","position":3,"name":"220\u5428\u6c7d\u8f66\u540a"}]},{"@type":"WebSite","@id":"https:\/\/vnsmc.com.vn\/#website","url":"https:\/\/vnsmc.com.vn\/","name":"SMC Services and Engineering","description":"","publisher":{"@id":"https:\/\/vnsmc.com.vn\/#organization"},"potentialAction":[{"@type":"SearchAction","target":{"@type":"EntryPoint","urlTemplate":"https:\/\/vnsmc.com.vn\/?s={search_term_string}"},"query-input":"required name=search_term_string"}],"inLanguage":"zh-Hans"},{"@type":"Organization","@id":"https:\/\/vnsmc.com.vn\/#organization","name":"SMC Services and Engineering","url":"https:\/\/vnsmc.com.vn\/","sameAs":["https:\/\/www.linkedin.com\/company\/96115735","https:\/\/www.facebook.com\/smc.services.and.engineering\/"],"logo":{"@type":"ImageObject","inLanguage":"zh-Hans","@id":"https:\/\/vnsmc.com.vn\/#\/schema\/logo\/image\/","url":"https:\/\/vnsmc.com.vn\/wp-content\/uploads\/2024\/11\/cropped-LOGO-SMC-nho-02.png","contentUrl":"https:\/\/vnsmc.com.vn\/wp-content\/uploads\/2024\/11\/cropped-LOGO-SMC-nho-02.png","width":3468,"height":1390,"caption":"SMC Services and Engineering"},"image":{"@id":"https:\/\/vnsmc.com.vn\/#\/schema\/logo\/image\/"}}]}},"yasr_visitor_votes":{"number_of_votes":0,"sum_votes":0,"stars_attributes":{"read_only":false,"span_bottom":false}},"_links":{"self":[{"href":"https:\/\/vnsmc.com.vn\/zh-hans\/wp-json\/wp\/v2\/product\/4049","targetHints":{"allow":["GET"]}}],"collection":[{"href":"https:\/\/vnsmc.com.vn\/zh-hans\/wp-json\/wp\/v2\/product"}],"about":[{"href":"https:\/\/vnsmc.com.vn\/zh-hans\/wp-json\/wp\/v2\/types\/product"}],"replies":[{"embeddable":true,"href":"https:\/\/vnsmc.com.vn\/zh-hans\/wp-json\/wp\/v2\/comments?post=4049"}],"wp:featuredmedia":[{"embeddable":true,"href":"https:\/\/vnsmc.com.vn\/zh-hans\/wp-json\/wp\/v2\/media\/4050"}],"wp:attachment":[{"href":"https:\/\/vnsmc.com.vn\/zh-hans\/wp-json\/wp\/v2\/media?parent=4049"}],"wp:term":[{"taxonomy":"product_cat","embeddable":true,"href":"https:\/\/vnsmc.com.vn\/zh-hans\/wp-json\/wp\/v2\/product_cat?post=4049"},{"taxonomy":"product_tag","embeddable":true,"href":"https:\/\/vnsmc.com.vn\/zh-hans\/wp-json\/wp\/v2\/product_tag?post=4049"}],"curies":[{"name":"wp","href":"https:\/\/api.w.org\/{rel}","templated":true}]}}