{"id":6176,"date":"2025-03-10T10:42:16","date_gmt":"2025-03-10T03:42:16","guid":{"rendered":"https:\/\/vnsmc.com.vn\/dich-vu-thi-cong-xay-dung-cong-trinh-cong-nghiep-dan-dung-va-ha-tang-giao-thong\/"},"modified":"2025-03-10T13:09:53","modified_gmt":"2025-03-10T06:09:53","slug":"construction-solutions-for-industrial-civil-and-transport-infrastructure","status":"publish","type":"page","link":"https:\/\/vnsmc.com.vn\/en\/construction-solutions-for-industrial-civil-and-transport-infrastructure\/","title":{"rendered":"Construction solutions for industrial, civil and transport infrastructure"},"content":{"rendered":"<p>With a team of experienced staff and <a href=\"https:\/\/vnsmc.com.vn\/en\/super-heavy-transport-vehicle-leasing-services\/\">modern equipment systems<\/a>, SMC provides optimal construction solutions for industrial, civil and transport infrastructure projects, meeting all technical standards, ensuring progress and safety.<\/p>\n<p>SMC has participated in many key national transport infrastructure projects, contributing to creating sustainable works, connecting and developing the economy.<\/p>\n<ol>\n<li>\n<div id=\"ez-toc-container\" class=\"ez-toc-v2_0_23 counter-hierarchy ez-toc-grey\">\n<div class=\"ez-toc-title-container\">\n<p class=\"ez-toc-title\">M\u1ee5c l\u1ee5c - Table of Contents<\/p>\n<span class=\"ez-toc-title-toggle\"><a class=\"ez-toc-pull-right ez-toc-btn ez-toc-btn-xs ez-toc-btn-default ez-toc-toggle\" style=\"display: none;\"><i class=\"ez-toc-glyphicon ez-toc-icon-toggle\"><\/i><\/a><\/span><\/div>\n<nav><ul class=\"ez-toc-list ez-toc-list-level-1\"><li class=\"ez-toc-page-1 ez-toc-heading-level-2\"><a class=\"ez-toc-link ez-toc-heading-1\" href=\"https:\/\/vnsmc.com.vn\/en\/construction-solutions-for-industrial-civil-and-transport-infrastructure\/#Construction_of_civil_houses_installation_of_industrial_factories\" title=\"Construction of civil houses &amp; installation of industrial factories\">Construction of civil houses &amp; installation of industrial factories<\/a><\/li><li class=\"ez-toc-page-1 ez-toc-heading-level-2\"><a class=\"ez-toc-link ez-toc-heading-2\" href=\"https:\/\/vnsmc.com.vn\/en\/construction-solutions-for-industrial-civil-and-transport-infrastructure\/#2_Construction_and_installation_of_mechanical_and_electrical_systems_M_E\" title=\"2. Construction and installation of mechanical and electrical systems (M&amp;E)\">2. Construction and installation of mechanical and electrical systems (M&amp;E)<\/a><\/li><li class=\"ez-toc-page-1 ez-toc-heading-level-2\"><a class=\"ez-toc-link ez-toc-heading-3\" href=\"https:\/\/vnsmc.com.vn\/en\/construction-solutions-for-industrial-civil-and-transport-infrastructure\/#3_Construction_production_transportation_of_beamsinstallation_of_all_kinds_of_traffic_construction_beams\" title=\"3. Construction, production &amp; transportation of beams\/installation of all kinds of traffic construction beams.\">3. Construction, production &amp; transportation of beams\/installation of all kinds of traffic construction beams.<\/a><\/li><li class=\"ez-toc-page-1 ez-toc-heading-level-2\"><a class=\"ez-toc-link ez-toc-heading-4\" href=\"https:\/\/vnsmc.com.vn\/en\/construction-solutions-for-industrial-civil-and-transport-infrastructure\/#4_Experience_in_implementing_key_transport_infrastructure_projects\" title=\"4. Experience in implementing key transport infrastructure projects\">4. Experience in implementing key transport infrastructure projects<\/a><\/li><li class=\"ez-toc-page-1 ez-toc-heading-level-2\"><a class=\"ez-toc-link ez-toc-heading-5\" href=\"https:\/\/vnsmc.com.vn\/en\/construction-solutions-for-industrial-civil-and-transport-infrastructure\/#5_SMCs_Quality_Commitment\" title=\"5. SMC&#8217;s Quality Commitment\">5. SMC&#8217;s Quality Commitment<\/a><\/li><\/ul><\/nav><\/div>\n<h2><span class=\"ez-toc-section\" id=\"Construction_of_civil_houses_installation_of_industrial_factories\"><\/span><span style=\"font-size: 14pt;\">Construction of civil houses &amp; installation of industrial factories<\/span><span class=\"ez-toc-section-end\"><\/span><\/h2>\n<\/li>\n<\/ol>\n<p>SMC provides complete construction solutions from foundation, structure to completion of the project, meeting requirements on quality and progress.<\/p>\n<ul>\n<li data-start=\"601\" data-end=\"711\">Construction of structures, completion of civil works.<\/li>\n<li data-start=\"601\" data-end=\"711\">Construction and installation of factory systems, steel structures, foundations and auxiliary infrastructure systems.<\/li>\n<li data-start=\"601\" data-end=\"711\">Ensuring project quality with advanced construction solutions, optimizing costs.<\/li>\n<\/ul>\n<img loading=\"lazy\" decoding=\"async\" class=\"alignnone size-large wp-image-6154\" src=\"https:\/\/vnsmc.com.vn\/wp-content\/uploads\/2025\/03\/THI-CONG-GIAO-THONG-01-1024x682.jpg\" alt=\"\" width=\"1024\" height=\"682\" srcset=\"https:\/\/vnsmc.com.vn\/wp-content\/uploads\/2025\/03\/THI-CONG-GIAO-THONG-01-1024x682.jpg 1024w, https:\/\/vnsmc.com.vn\/wp-content\/uploads\/2025\/03\/THI-CONG-GIAO-THONG-01-300x200.jpg 300w, https:\/\/vnsmc.com.vn\/wp-content\/uploads\/2025\/03\/THI-CONG-GIAO-THONG-01-768x512.jpg 768w, https:\/\/vnsmc.com.vn\/wp-content\/uploads\/2025\/03\/THI-CONG-GIAO-THONG-01-1536x1023.jpg 1536w, https:\/\/vnsmc.com.vn\/wp-content\/uploads\/2025\/03\/THI-CONG-GIAO-THONG-01-2048x1364.jpg 2048w, https:\/\/vnsmc.com.vn\/wp-content\/uploads\/2025\/03\/THI-CONG-GIAO-THONG-01-600x400.jpg 600w\" sizes=\"auto, (max-width: 1024px) 100vw, 1024px\" \/>\n<h2><span class=\"ez-toc-section\" id=\"2_Construction_and_installation_of_mechanical_and_electrical_systems_M_E\"><\/span><strong><span style=\"font-size: 14pt;\">2. Construction and installation of mechanical and electrical systems (M&amp;E)<\/span><\/strong><span class=\"ez-toc-section-end\"><\/span><\/h2>\n<p>M&amp;E plays an important role in the operation of energy, industrial and civil projects. SMC provides total solutions from design, construction, installation to maintenance of mechanical and electrical systems.<\/p>\n<ul>\n<li data-start=\"955\" data-end=\"1056\">Construction of electrical systems, power transmission lines, transformer stations&#8230; for energy projects.<\/li>\n<li data-start=\"955\" data-end=\"1056\">Installation of lighting, ventilation, industrial electrical systems in civil and industrial projects.<\/li>\n<li data-start=\"955\" data-end=\"1056\">Application of modern technology, ensuring efficient operation, energy saving.<\/li>\n<\/ul>\n<img loading=\"lazy\" decoding=\"async\" class=\"alignnone size-large wp-image-6157\" src=\"https:\/\/vnsmc.com.vn\/wp-content\/uploads\/2025\/03\/THI-CONG-GIAO-THONG-02-1024x682.jpg\" alt=\"\" width=\"1024\" height=\"682\" srcset=\"https:\/\/vnsmc.com.vn\/wp-content\/uploads\/2025\/03\/THI-CONG-GIAO-THONG-02-1024x682.jpg 1024w, https:\/\/vnsmc.com.vn\/wp-content\/uploads\/2025\/03\/THI-CONG-GIAO-THONG-02-300x200.jpg 300w, https:\/\/vnsmc.com.vn\/wp-content\/uploads\/2025\/03\/THI-CONG-GIAO-THONG-02-768x512.jpg 768w, https:\/\/vnsmc.com.vn\/wp-content\/uploads\/2025\/03\/THI-CONG-GIAO-THONG-02-1536x1023.jpg 1536w, https:\/\/vnsmc.com.vn\/wp-content\/uploads\/2025\/03\/THI-CONG-GIAO-THONG-02-2048x1364.jpg 2048w, https:\/\/vnsmc.com.vn\/wp-content\/uploads\/2025\/03\/THI-CONG-GIAO-THONG-02-600x400.jpg 600w\" sizes=\"auto, (max-width: 1024px) 100vw, 1024px\" \/>\n<h2><span class=\"ez-toc-section\" id=\"3_Construction_production_transportation_of_beamsinstallation_of_all_kinds_of_traffic_construction_beams\"><\/span><strong><span style=\"font-size: 14pt;\">3. Construction, production &amp; transportation of beams\/installation of all kinds of traffic construction beams.<\/span><\/strong><span class=\"ez-toc-section-end\"><\/span><\/h2>\n<p>SMC tham gia v\u00e0o nhi\u1ec1u d\u1ef1 \u00e1n h\u1ea1 t\u1ea7ng giao th\u00f4ng tr\u1ecdng \u0111i\u1ec3m, \u0111\u1ea3m b\u1ea3o ch\u1ea5t l\u01b0\u1ee3ng, ti\u1ebfn \u0111\u1ed9 v\u00e0 an to\u00e0n trong qu\u00e1 tr\u00ecnh s\u1ea3n xu\u1ea5t, v\u1eadn chuy\u1ec3n v\u00e0 l\u1eafp \u0111\u1eb7t d\u1ea7m c\u1ea7u si\u00eau tr\u01b0\u1eddng si\u00eau tr\u1ecdng, c\u00f4ng tr\u00ecnh giao th\u00f4ng.<\/p>\n<ul>\n<li data-start=\"1318\" data-end=\"1372\">Construction of bridges, roads, and key traffic infrastructure.<\/li>\n<li data-start=\"1318\" data-end=\"1372\">Production, transportation, and installation of oversized and overweight bridge beams using specialized equipment, ensuring absolute safety.<\/li>\n<li data-start=\"1318\" data-end=\"1372\">Application of advanced technology in installation, shortening construction time.<\/li>\n<\/ul>\n<img loading=\"lazy\" decoding=\"async\" class=\"alignnone wp-image-6160 size-large\" src=\"https:\/\/vnsmc.com.vn\/wp-content\/uploads\/2025\/03\/THI-CONG-GIAO-THONG-03-1024x682.jpg\" alt=\"SMC provides modern transport infrastructure construction solutions, ensuring high technical standards.\" width=\"1024\" height=\"682\" srcset=\"https:\/\/vnsmc.com.vn\/wp-content\/uploads\/2025\/03\/THI-CONG-GIAO-THONG-03-1024x682.jpg 1024w, https:\/\/vnsmc.com.vn\/wp-content\/uploads\/2025\/03\/THI-CONG-GIAO-THONG-03-300x200.jpg 300w, https:\/\/vnsmc.com.vn\/wp-content\/uploads\/2025\/03\/THI-CONG-GIAO-THONG-03-768x512.jpg 768w, https:\/\/vnsmc.com.vn\/wp-content\/uploads\/2025\/03\/THI-CONG-GIAO-THONG-03-1536x1023.jpg 1536w, https:\/\/vnsmc.com.vn\/wp-content\/uploads\/2025\/03\/THI-CONG-GIAO-THONG-03-2048x1364.jpg 2048w, https:\/\/vnsmc.com.vn\/wp-content\/uploads\/2025\/03\/THI-CONG-GIAO-THONG-03-600x400.jpg 600w\" sizes=\"auto, (max-width: 1024px) 100vw, 1024px\" \/>\n<h2><span class=\"ez-toc-section\" id=\"4_Experience_in_implementing_key_transport_infrastructure_projects\"><\/span><strong><span style=\"font-size: 14pt;\">4. Experience in implementing key transport infrastructure projects<\/span><\/strong><span class=\"ez-toc-section-end\"><\/span><\/h2>\n<p data-start=\"1647\" data-end=\"1859\">SMC has many years of experience in constructing key transport infrastructure projects, especially highway projects connecting important economic zones. Some typical projects that SMC has participated in:<\/p>\n<p data-start=\"1861\" data-end=\"1897\"><strong>Bien Hoa &#8211; Vung Tau Expressway<\/strong><\/p>\n<ul data-start=\"1898\" data-end=\"2077\">\n<li data-start=\"1898\" data-end=\"1991\">Play an important role in connecting the Southeast region with the international seaport system.<\/li>\n<li data-start=\"1898\" data-end=\"1991\">Carry out structural installation, production and transportation of oversized and overweight bridge beams.<\/li>\n<\/ul>\n<p data-start=\"2327\" data-end=\"2369\"><a href=\"https:\/\/www.youtube.com\/watch?v=VXeJ2Y4zDLw&amp;t=56s\"><strong data-start=\"2330\" data-end=\"2367\">Buon Ma Thuot &#8211; Khanh Hoa Expressway<\/strong><\/a><\/p>\n<ul data-start=\"2370\" data-end=\"2556\">\n<li data-start=\"2370\" data-end=\"2468\">Connecting the Central Highlands with the South Central Coast, creating momentum for inter-regional economic development.<\/li>\n<li data-start=\"2370\" data-end=\"2468\">SMC is responsible for manufacturing, transporting, and installing Super T beam structures with high technical requirements.<\/li>\n<\/ul>\n<p data-start=\"2079\" data-end=\"2126\"><strong>Chau Doc &#8211; Can Tho &#8211; Soc Trang Expressway<\/strong><\/p>\n<ul data-start=\"2127\" data-end=\"2325\">\n<li data-start=\"2127\" data-end=\"2232\">Is a strategic traffic route, promoting the socio-economic development of the Mekong Delta region.<\/li>\n<li data-start=\"2127\" data-end=\"2232\">Providing solutions for construction, transportation and installation of bridge beam structures.<\/li>\n<\/ul>\n<img loading=\"lazy\" decoding=\"async\" class=\"alignnone wp-image-6163 size-large\" src=\"https:\/\/vnsmc.com.vn\/wp-content\/uploads\/2025\/03\/THI-CONG-GIAO-THONG-04-1024x682.jpg\" alt=\"SMC participates in the construction of expressway infrastructure\" width=\"1024\" height=\"682\" srcset=\"https:\/\/vnsmc.com.vn\/wp-content\/uploads\/2025\/03\/THI-CONG-GIAO-THONG-04-1024x682.jpg 1024w, https:\/\/vnsmc.com.vn\/wp-content\/uploads\/2025\/03\/THI-CONG-GIAO-THONG-04-300x200.jpg 300w, https:\/\/vnsmc.com.vn\/wp-content\/uploads\/2025\/03\/THI-CONG-GIAO-THONG-04-768x512.jpg 768w, https:\/\/vnsmc.com.vn\/wp-content\/uploads\/2025\/03\/THI-CONG-GIAO-THONG-04-1536x1023.jpg 1536w, https:\/\/vnsmc.com.vn\/wp-content\/uploads\/2025\/03\/THI-CONG-GIAO-THONG-04-2048x1364.jpg 2048w, https:\/\/vnsmc.com.vn\/wp-content\/uploads\/2025\/03\/THI-CONG-GIAO-THONG-04-600x400.jpg 600w\" sizes=\"auto, (max-width: 1024px) 100vw, 1024px\" \/>\n<h2><span class=\"ez-toc-section\" id=\"5_SMCs_Quality_Commitment\"><\/span><strong><span style=\"font-size: 14pt;\">5. SMC&#8217;s Quality Commitment<\/span><\/strong><span class=\"ez-toc-section-end\"><\/span><\/h2>\n<ul>\n<li data-start=\"3693\" data-end=\"4121\">Top quality: Applying advanced technology, ensuring the highest technical standards.<\/li>\n<li data-start=\"3693\" data-end=\"4121\">Absolute safety: Implementing strict labor protection measures, ensuring a safe construction environment.<\/li>\n<li data-start=\"3693\" data-end=\"4121\">Optimal progress: Scientific construction planning, ensuring completion on time or earlier than committed progress.<\/li>\n<li data-start=\"3693\" data-end=\"4121\">Reasonable cost: Optimal construction solution, saving budget while still ensuring the highest efficiency.<\/li>\n<\/ul>\n<p data-start=\"4123\" data-end=\"4338\" data-is-last-node=\"\" data-is-only-node=\"\">With experience in implementing many large-scale projects, SMC is confident to be a reliable partner in the field of industrial, civil and transport infrastructure construction, contributing to the sustainable development of infrastructure systems in Vietnam.<\/p>\n<p><iframe loading=\"lazy\" title=\"V\u1eadn chuy\u1ec3n v\u00e0 c\u1ea9u l\u1eafp d\u1ea7m Super T - Cao t\u1ed1c Kh\u00e1nh H\u00f2a - Bu\u00f4n M\u00ea Thu\u1ed9t\" width=\"500\" height=\"281\" src=\"https:\/\/www.youtube.com\/embed\/VXeJ2Y4zDLw?feature=oembed\" frameborder=\"0\" allow=\"accelerometer; autoplay; clipboard-write; encrypted-media; gyroscope; picture-in-picture; web-share\" referrerpolicy=\"strict-origin-when-cross-origin\" allowfullscreen><\/iframe><\/p>\n<table style=\"border-collapse: collapse; width: 100%;\">\n<tbody>\n<tr>\n<td style=\"width: 80.4568%;\"><\/td>\n<td style=\"width: 19.5432%; text-align: right;\"><\/td>\n<\/tr>\n<\/tbody>\n<\/table>\n<div style=\"text-align:right\" class=\"yasr-auto-insert-visitor\"><\/div>","protected":false},"excerpt":{"rendered":"<p>With a team of experienced staff and modern equipment systems, SMC provides optimal construction solutions for industrial, civil and transport infrastructure projects, meeting all technical standards, ensuring progress and safety. SMC has participated in many key national transport infrastructure projects, contributing to creating sustainable works, connecting and developing the economy. M\u1ee5c l\u1ee5c &#8211; Table of [&hellip;]<\/p>\n","protected":false},"author":2,"featured_media":6174,"parent":0,"menu_order":0,"comment_status":"closed","ping_status":"closed","template":"","meta":{"yasr_overall_rating":0,"yasr_post_is_review":"","yasr_auto_insert_disabled":"","yasr_review_type":"","footnotes":""},"class_list":["post-6176","page","type-page","status-publish","has-post-thumbnail","hentry"],"yoast_head":"<!-- This site is optimized with the Yoast SEO Premium plugin v19.2.1 (Yoast SEO v19.6.1) - https:\/\/yoast.com\/wordpress\/plugins\/seo\/ -->\n<title>Construction solutions for industrial, civil and transport infrastructure - SMC Services and Engineering<\/title>\n<meta name=\"description\" content=\"SMC provides optimal construction solutions for industrial, civil and transport infrastructure projects, ensuring progress and safety.\" \/>\n<meta name=\"robots\" content=\"index, follow, max-snippet:-1, max-image-preview:large, max-video-preview:-1\" \/>\n<link rel=\"canonical\" href=\"https:\/\/vnsmc.com.vn\/en\/construction-solutions-for-industrial-civil-and-transport-infrastructure\/\" \/>\n<meta property=\"og:locale\" content=\"en_US\" \/>\n<meta property=\"og:type\" content=\"article\" \/>\n<meta property=\"og:title\" content=\"Construction solutions for industrial, civil and transport infrastructure\" \/>\n<meta property=\"og:description\" content=\"SMC provides optimal construction solutions for industrial, civil and transport infrastructure projects, ensuring progress and safety.\" \/>\n<meta property=\"og:url\" content=\"https:\/\/vnsmc.com.vn\/en\/construction-solutions-for-industrial-civil-and-transport-infrastructure\/\" \/>\n<meta property=\"og:site_name\" content=\"SMC Services and Engineering\" \/>\n<meta property=\"article:publisher\" content=\"https:\/\/www.facebook.com\/smc.services.and.engineering\/\" \/>\n<meta property=\"article:modified_time\" content=\"2025-03-10T06:09:53+00:00\" \/>\n<meta property=\"og:image\" content=\"https:\/\/vnsmc.com.vn\/wp-content\/uploads\/2022\/02\/Untitled-2.jpg\" \/>\n\t<meta property=\"og:image:width\" content=\"2560\" \/>\n\t<meta property=\"og:image:height\" content=\"1440\" \/>\n\t<meta property=\"og:image:type\" content=\"image\/jpeg\" \/>\n<meta name=\"twitter:card\" content=\"summary_large_image\" \/>\n<meta name=\"twitter:label1\" content=\"Est. reading time\" \/>\n\t<meta name=\"twitter:data1\" content=\"4 minutes\" \/>\n<script type=\"application\/ld+json\" class=\"yoast-schema-graph\">{\"@context\":\"https:\/\/schema.org\",\"@graph\":[{\"@type\":\"WebPage\",\"@id\":\"https:\/\/vnsmc.com.vn\/en\/construction-solutions-for-industrial-civil-and-transport-infrastructure\/\",\"url\":\"https:\/\/vnsmc.com.vn\/en\/construction-solutions-for-industrial-civil-and-transport-infrastructure\/\",\"name\":\"Construction solutions for industrial, civil and transport infrastructure - SMC Services and Engineering\",\"isPartOf\":{\"@id\":\"https:\/\/vnsmc.com.vn\/#website\"},\"datePublished\":\"2025-03-10T03:42:16+00:00\",\"dateModified\":\"2025-03-10T06:09:53+00:00\",\"description\":\"SMC provides optimal construction solutions for industrial, civil and transport infrastructure projects, ensuring progress and safety.\",\"breadcrumb\":{\"@id\":\"https:\/\/vnsmc.com.vn\/en\/construction-solutions-for-industrial-civil-and-transport-infrastructure\/#breadcrumb\"},\"inLanguage\":\"en-US\",\"potentialAction\":[{\"@type\":\"ReadAction\",\"target\":[\"https:\/\/vnsmc.com.vn\/en\/construction-solutions-for-industrial-civil-and-transport-infrastructure\/\"]}]},{\"@type\":\"BreadcrumbList\",\"@id\":\"https:\/\/vnsmc.com.vn\/en\/construction-solutions-for-industrial-civil-and-transport-infrastructure\/#breadcrumb\",\"itemListElement\":[{\"@type\":\"ListItem\",\"position\":1,\"name\":\"Home\",\"item\":\"https:\/\/vnsmc.com.vn\/en\/\"},{\"@type\":\"ListItem\",\"position\":2,\"name\":\"Construction solutions for industrial, civil and transport infrastructure\"}]},{\"@type\":\"WebSite\",\"@id\":\"https:\/\/vnsmc.com.vn\/#website\",\"url\":\"https:\/\/vnsmc.com.vn\/\",\"name\":\"SMC Services and Engineering\",\"description\":\"\",\"publisher\":{\"@id\":\"https:\/\/vnsmc.com.vn\/#organization\"},\"potentialAction\":[{\"@type\":\"SearchAction\",\"target\":{\"@type\":\"EntryPoint\",\"urlTemplate\":\"https:\/\/vnsmc.com.vn\/?s={search_term_string}\"},\"query-input\":\"required name=search_term_string\"}],\"inLanguage\":\"en-US\"},{\"@type\":\"Organization\",\"@id\":\"https:\/\/vnsmc.com.vn\/#organization\",\"name\":\"SMC Services and Engineering\",\"url\":\"https:\/\/vnsmc.com.vn\/\",\"sameAs\":[\"https:\/\/www.linkedin.com\/company\/96115735\",\"https:\/\/www.facebook.com\/smc.services.and.engineering\/\"],\"logo\":{\"@type\":\"ImageObject\",\"inLanguage\":\"en-US\",\"@id\":\"https:\/\/vnsmc.com.vn\/#\/schema\/logo\/image\/\",\"url\":\"https:\/\/vnsmc.com.vn\/wp-content\/uploads\/2024\/11\/cropped-LOGO-SMC-nho-02.png\",\"contentUrl\":\"https:\/\/vnsmc.com.vn\/wp-content\/uploads\/2024\/11\/cropped-LOGO-SMC-nho-02.png\",\"width\":3468,\"height\":1390,\"caption\":\"SMC Services and Engineering\"},\"image\":{\"@id\":\"https:\/\/vnsmc.com.vn\/#\/schema\/logo\/image\/\"}}]}<\/script>\n<!-- \/ Yoast SEO Premium plugin. -->","yoast_head_json":{"title":"Construction solutions for industrial, civil and transport infrastructure - SMC Services and Engineering","description":"SMC provides optimal construction solutions for industrial, civil and transport infrastructure projects, ensuring progress and safety.","robots":{"index":"index","follow":"follow","max-snippet":"max-snippet:-1","max-image-preview":"max-image-preview:large","max-video-preview":"max-video-preview:-1"},"canonical":"https:\/\/vnsmc.com.vn\/en\/construction-solutions-for-industrial-civil-and-transport-infrastructure\/","og_locale":"en_US","og_type":"article","og_title":"Construction solutions for industrial, civil and transport infrastructure","og_description":"SMC provides optimal construction solutions for industrial, civil and transport infrastructure projects, ensuring progress and safety.","og_url":"https:\/\/vnsmc.com.vn\/en\/construction-solutions-for-industrial-civil-and-transport-infrastructure\/","og_site_name":"SMC Services and Engineering","article_publisher":"https:\/\/www.facebook.com\/smc.services.and.engineering\/","article_modified_time":"2025-03-10T06:09:53+00:00","og_image":[{"width":2560,"height":1440,"url":"https:\/\/vnsmc.com.vn\/wp-content\/uploads\/2022\/02\/Untitled-2.jpg","type":"image\/jpeg"}],"twitter_card":"summary_large_image","twitter_misc":{"Est. reading time":"4 minutes"},"schema":{"@context":"https:\/\/schema.org","@graph":[{"@type":"WebPage","@id":"https:\/\/vnsmc.com.vn\/en\/construction-solutions-for-industrial-civil-and-transport-infrastructure\/","url":"https:\/\/vnsmc.com.vn\/en\/construction-solutions-for-industrial-civil-and-transport-infrastructure\/","name":"Construction solutions for industrial, civil and transport infrastructure - SMC Services and Engineering","isPartOf":{"@id":"https:\/\/vnsmc.com.vn\/#website"},"datePublished":"2025-03-10T03:42:16+00:00","dateModified":"2025-03-10T06:09:53+00:00","description":"SMC provides optimal construction solutions for industrial, civil and transport infrastructure projects, ensuring progress and safety.","breadcrumb":{"@id":"https:\/\/vnsmc.com.vn\/en\/construction-solutions-for-industrial-civil-and-transport-infrastructure\/#breadcrumb"},"inLanguage":"en-US","potentialAction":[{"@type":"ReadAction","target":["https:\/\/vnsmc.com.vn\/en\/construction-solutions-for-industrial-civil-and-transport-infrastructure\/"]}]},{"@type":"BreadcrumbList","@id":"https:\/\/vnsmc.com.vn\/en\/construction-solutions-for-industrial-civil-and-transport-infrastructure\/#breadcrumb","itemListElement":[{"@type":"ListItem","position":1,"name":"Home","item":"https:\/\/vnsmc.com.vn\/en\/"},{"@type":"ListItem","position":2,"name":"Construction solutions for industrial, civil and transport infrastructure"}]},{"@type":"WebSite","@id":"https:\/\/vnsmc.com.vn\/#website","url":"https:\/\/vnsmc.com.vn\/","name":"SMC Services and Engineering","description":"","publisher":{"@id":"https:\/\/vnsmc.com.vn\/#organization"},"potentialAction":[{"@type":"SearchAction","target":{"@type":"EntryPoint","urlTemplate":"https:\/\/vnsmc.com.vn\/?s={search_term_string}"},"query-input":"required name=search_term_string"}],"inLanguage":"en-US"},{"@type":"Organization","@id":"https:\/\/vnsmc.com.vn\/#organization","name":"SMC Services and Engineering","url":"https:\/\/vnsmc.com.vn\/","sameAs":["https:\/\/www.linkedin.com\/company\/96115735","https:\/\/www.facebook.com\/smc.services.and.engineering\/"],"logo":{"@type":"ImageObject","inLanguage":"en-US","@id":"https:\/\/vnsmc.com.vn\/#\/schema\/logo\/image\/","url":"https:\/\/vnsmc.com.vn\/wp-content\/uploads\/2024\/11\/cropped-LOGO-SMC-nho-02.png","contentUrl":"https:\/\/vnsmc.com.vn\/wp-content\/uploads\/2024\/11\/cropped-LOGO-SMC-nho-02.png","width":3468,"height":1390,"caption":"SMC Services and Engineering"},"image":{"@id":"https:\/\/vnsmc.com.vn\/#\/schema\/logo\/image\/"}}]}},"yasr_visitor_votes":{"number_of_votes":0,"sum_votes":0,"stars_attributes":{"read_only":false,"span_bottom":false}},"_links":{"self":[{"href":"https:\/\/vnsmc.com.vn\/en\/wp-json\/wp\/v2\/pages\/6176","targetHints":{"allow":["GET"]}}],"collection":[{"href":"https:\/\/vnsmc.com.vn\/en\/wp-json\/wp\/v2\/pages"}],"about":[{"href":"https:\/\/vnsmc.com.vn\/en\/wp-json\/wp\/v2\/types\/page"}],"author":[{"embeddable":true,"href":"https:\/\/vnsmc.com.vn\/en\/wp-json\/wp\/v2\/users\/2"}],"replies":[{"embeddable":true,"href":"https:\/\/vnsmc.com.vn\/en\/wp-json\/wp\/v2\/comments?post=6176"}],"version-history":[{"count":3,"href":"https:\/\/vnsmc.com.vn\/en\/wp-json\/wp\/v2\/pages\/6176\/revisions"}],"predecessor-version":[{"id":6179,"href":"https:\/\/vnsmc.com.vn\/en\/wp-json\/wp\/v2\/pages\/6176\/revisions\/6179"}],"wp:featuredmedia":[{"embeddable":true,"href":"https:\/\/vnsmc.com.vn\/en\/wp-json\/wp\/v2\/media\/6174"}],"wp:attachment":[{"href":"https:\/\/vnsmc.com.vn\/en\/wp-json\/wp\/v2\/media?parent=6176"}],"curies":[{"name":"wp","href":"https:\/\/api.w.org\/{rel}","templated":true}]}}